{"id":206,"date":"2025-08-05T11:46:41","date_gmt":"2025-08-05T11:46:41","guid":{"rendered":"https:\/\/naviadigital.es\/?page_id=206"},"modified":"2025-08-05T11:52:28","modified_gmt":"2025-08-05T11:52:28","slug":"resolucion-de-litigios","status":"publish","type":"page","link":"https:\/\/naviadigital.es\/index.php\/resolucion-de-litigios\/","title":{"rendered":"Resoluci\u00f3n de Litigios"},"content":{"rendered":"\t\t<div data-elementor-type=\"wp-page\" data-elementor-id=\"206\" class=\"elementor elementor-206\" data-elementor-post-type=\"page\">\n\t\t\t\t<div class=\"elementor-element elementor-element-3f0b549 e-con-full e-flex e-con e-parent\" data-id=\"3f0b549\" data-element_type=\"container\">\n\t\t<div class=\"elementor-element elementor-element-fd253fd e-flex e-con-boxed e-con e-child\" data-id=\"fd253fd\" data-element_type=\"container\">\n\t\t\t\t\t<div class=\"e-con-inner\">\n\t\t\t\t<div class=\"elementor-element elementor-element-a28020a elementor-widget elementor-widget-text-editor\" data-id=\"a28020a\" data-element_type=\"widget\" data-widget_type=\"text-editor.default\">\n\t\t\t\t\t\t\t\t\t<p>Informaci\u00f3n extra\u00edda de la p\u00e1gina web del \u00ab<em>Livro de Reclama\u00e7\u00f5es\u00bb<\/em> sobre los centros de arbitraje para la resoluci\u00f3n alternativa de conflictos. Puede consultar la fuente de la informaci\u00f3n en la p\u00e1gina oficial del Livro de Reclama\u00e7\u00f5es.<\/p><p>\u00bfTiene un litigio en materia de consumo?<br \/>\u00bfSab\u00eda que existen organizaciones para resolver su conflicto a trav\u00e9s de la mediaci\u00f3n, la conciliaci\u00f3n o el arbitraje?<br \/>Encuentre la(s) organizaci\u00f3n(es) adecuada(s) a su caso concreto <a href=\"https:\/\/eportugal.gov.pt\/fichas-de-enquadramento\/resolucao-de-conflitos-de-consumo\/simulador-resolucao-alternativa-de-conflitos-de-consumo\">aqu\u00cd<\/a>.<\/p><p><b>Lista de organizaciones de resoluci\u00f3n alternativa de litigios:<\/b><br \/>Centro de Arbitragem de Conflitos de Consumo de Lisboa (CACCL) (m\u00e1s informaciones: <a href=\"https:\/\/www.centroarbitragemlisboa.pt\/\">website<\/a>)<\/p><p>Centro de informa\u00e7\u00e3o, Media\u00e7\u00e3o e arbitragem de conflitos de consumo do Algarve (CIMAAL) (m\u00e1s informaciones: <a href=\"https:\/\/www.consumoalgarve.pt\/index.php\/pt\/\">website<\/a>)<\/p><p>Centro de Arbitragem de Conflitos de Consumo da Regi\u00e3o Aut\u00f3noma da Madeira (CACCRAM) (m\u00e1s informaciones: <a href=\"https:\/\/www.madeira.gov.pt\/cacc\/\">website<\/a>)<\/p><p>Centro de Arbitragem da Universidade Aut\u00f3noma de Lisboa (CAUAL) (m\u00e1s informaciones: <a href=\"https:\/\/arbitragem.grupoautonoma.pt\/\">website<\/a>)<\/p><p>Centro de Arbitragem de Conflitos de Consumo da Regi\u00e3o de Coimbra (CACRC) (m\u00e1s informaciones: <a href=\"https:\/\/cacrc.pt\/\">website<\/a>)<\/p><p>Centro de Arbitragem de Conflitos de Consumo do Ave, T\u00e2mega e Sousa (TRIAVE) (m\u00e1s informaciones: <a href=\"https:\/\/www.triave.pt\/\">website<\/a>)<\/p><p>Centro de Informa\u00e7\u00e3o e Arbitragem do Porto (CICAP) (m\u00e1s informaciones: <a href=\"https:\/\/cicap.pt\/\">website<\/a>)<\/p><p>Centro Nacional de Informa\u00e7\u00e3o e Arbitragem de Conflitos de Consumo (CNIACC) (m\u00e1s informaciones: <a href=\"https:\/\/www.cniacc.pt\/pt\/\">website<\/a>)<\/p><p>Centro de Informa\u00e7\u00e3o, Media\u00e7\u00e3o e arbitragem de Consumo (Tribunal Arbitral) (CIAB) (m\u00e1s informaciones: <a href=\"https:\/\/ciab.pt\/\">website<\/a>)<\/p><p>O Centro de Informa\u00e7\u00e3o, Media\u00e7\u00e3o e Arbitragem de Consumo da Regi\u00e3o dos A\u00e7ores (CIMARA) (m\u00e1s informaciones: <a href=\"https:\/\/ocimara.pt\/\">website<\/a>)<\/p><p><strong>Centros de arbitraje para conflictos espec\u00edficos<\/strong><br \/>\u2013 Centro de Informa\u00e7\u00e3o, Media\u00e7\u00e3o e Arbitragem de Seguros (CIMPAS) (m\u00e1s informaciones: <a href=\"https:\/\/www.cimpas.pt\/pt\">website<\/a>)<\/p><p><strong>Entidad Resoluci\u00f3n Alternativa de Litigios con competencia espec\u00edfica<\/strong><br \/>\u2013 Provedor do Cliente das Ag\u00eancias de Viagens e Turismo (Provedor da APVT) (m\u00e1s informaciones: <a href=\"https:\/\/provedor.apavtnet.pt\/\">website<\/a>)<\/p><p><strong>M\u00e1s informaci\u00f3n<\/strong><br \/>Para m\u00e1s informaci\u00f3n, consulte el sitio web de la Dire\u00e7\u00e3o-Geral do Consumidor<br \/>Sitio web: <a href=\"https:\/\/www.consumidor.gov.pt\">https:\/\/www.consumidor.gov.pt<\/a>\/<\/p>\t\t\t\t\t\t\t\t<\/div>\n\t\t\t\t\t<\/div>\n\t\t\t\t<\/div>\n\t\t\t\t<\/div>\n\t\t\t\t<\/div>\n\t\t","protected":false},"excerpt":{"rendered":"<p>Informaci\u00f3n extra\u00edda de la p\u00e1gina web del \u00abLivro de Reclama\u00e7\u00f5es\u00bb sobre los centros de arbitraje para la resoluci\u00f3n alternativa de conflictos. Puede consultar la fuente de la informaci\u00f3n en la p\u00e1gina oficial del Livro de Reclama\u00e7\u00f5es. \u00bfTiene un litigio en materia de consumo?\u00bfSab\u00eda que existen organizaciones para resolver su conflicto a trav\u00e9s de la mediaci\u00f3n, [&hellip;]<\/p>\n","protected":false},"author":2,"featured_media":0,"parent":0,"menu_order":0,"comment_status":"closed","ping_status":"closed","template":"","meta":{"footnotes":""},"class_list":["post-206","page","type-page","status-publish","hentry"],"yoast_head":"<!-- This site is optimized with the Yoast SEO plugin v25.6 - https:\/\/yoast.com\/wordpress\/plugins\/seo\/ -->\n<title>Resoluci\u00f3n de Litigios - Navia Digital<\/title>\n<meta name=\"robots\" content=\"index, follow, max-snippet:-1, max-image-preview:large, max-video-preview:-1\" \/>\n<link rel=\"canonical\" href=\"https:\/\/naviadigital.es\/index.php\/resolucion-de-litigios\/\" \/>\n<meta property=\"og:locale\" content=\"es_ES\" \/>\n<meta property=\"og:type\" content=\"article\" \/>\n<meta property=\"og:title\" content=\"Resoluci\u00f3n de Litigios - Navia Digital\" \/>\n<meta property=\"og:description\" content=\"Informaci\u00f3n extra\u00edda de la p\u00e1gina web del \u00abLivro de Reclama\u00e7\u00f5es\u00bb sobre los centros de arbitraje para la resoluci\u00f3n alternativa de conflictos. Puede consultar la fuente de la informaci\u00f3n en la p\u00e1gina oficial del Livro de Reclama\u00e7\u00f5es. \u00bfTiene un litigio en materia de consumo?\u00bfSab\u00eda que existen organizaciones para resolver su conflicto a trav\u00e9s de la mediaci\u00f3n, [&hellip;]\" \/>\n<meta property=\"og:url\" content=\"https:\/\/naviadigital.es\/index.php\/resolucion-de-litigios\/\" \/>\n<meta property=\"og:site_name\" content=\"Navia Digital\" \/>\n<meta property=\"article:modified_time\" content=\"2025-08-05T11:52:28+00:00\" \/>\n<meta name=\"twitter:card\" content=\"summary_large_image\" \/>\n<meta name=\"twitter:label1\" content=\"Tiempo de lectura\" \/>\n\t<meta name=\"twitter:data1\" content=\"2 minutos\" \/>\n<script type=\"application\/ld+json\" class=\"yoast-schema-graph\">{\"@context\":\"https:\/\/schema.org\",\"@graph\":[{\"@type\":\"WebPage\",\"@id\":\"https:\/\/naviadigital.es\/index.php\/resolucion-de-litigios\/\",\"url\":\"https:\/\/naviadigital.es\/index.php\/resolucion-de-litigios\/\",\"name\":\"Resoluci\u00f3n de Litigios - Navia Digital\",\"isPartOf\":{\"@id\":\"https:\/\/naviadigital.es\/#website\"},\"datePublished\":\"2025-08-05T11:46:41+00:00\",\"dateModified\":\"2025-08-05T11:52:28+00:00\",\"breadcrumb\":{\"@id\":\"https:\/\/naviadigital.es\/index.php\/resolucion-de-litigios\/#breadcrumb\"},\"inLanguage\":\"es\",\"potentialAction\":[{\"@type\":\"ReadAction\",\"target\":[\"https:\/\/naviadigital.es\/index.php\/resolucion-de-litigios\/\"]}]},{\"@type\":\"BreadcrumbList\",\"@id\":\"https:\/\/naviadigital.es\/index.php\/resolucion-de-litigios\/#breadcrumb\",\"itemListElement\":[{\"@type\":\"ListItem\",\"position\":1,\"name\":\"Portada\",\"item\":\"https:\/\/naviadigital.es\/\"},{\"@type\":\"ListItem\",\"position\":2,\"name\":\"Resoluci\u00f3n de Litigios\"}]},{\"@type\":\"WebSite\",\"@id\":\"https:\/\/naviadigital.es\/#website\",\"url\":\"https:\/\/naviadigital.es\/\",\"name\":\"Navia Digital\",\"description\":\"Agencia de Marketing y Dise\u00f1o Web en Andaluc\u00eda\",\"publisher\":{\"@id\":\"https:\/\/naviadigital.es\/#organization\"},\"potentialAction\":[{\"@type\":\"SearchAction\",\"target\":{\"@type\":\"EntryPoint\",\"urlTemplate\":\"https:\/\/naviadigital.es\/?s={search_term_string}\"},\"query-input\":{\"@type\":\"PropertyValueSpecification\",\"valueRequired\":true,\"valueName\":\"search_term_string\"}}],\"inLanguage\":\"es\"},{\"@type\":\"Organization\",\"@id\":\"https:\/\/naviadigital.es\/#organization\",\"name\":\"Navia Digital\",\"url\":\"https:\/\/naviadigital.es\/\",\"logo\":{\"@type\":\"ImageObject\",\"inLanguage\":\"es\",\"@id\":\"https:\/\/naviadigital.es\/#\/schema\/logo\/image\/\",\"url\":\"https:\/\/naviadigital.es\/wp-content\/uploads\/2025\/07\/logo-navia-pc.png\",\"contentUrl\":\"https:\/\/naviadigital.es\/wp-content\/uploads\/2025\/07\/logo-navia-pc.png\",\"width\":269,\"height\":147,\"caption\":\"Navia Digital\"},\"image\":{\"@id\":\"https:\/\/naviadigital.es\/#\/schema\/logo\/image\/\"}}]}<\/script>\n<!-- \/ Yoast SEO plugin. -->","yoast_head_json":{"title":"Resoluci\u00f3n de Litigios - Navia Digital","robots":{"index":"index","follow":"follow","max-snippet":"max-snippet:-1","max-image-preview":"max-image-preview:large","max-video-preview":"max-video-preview:-1"},"canonical":"https:\/\/naviadigital.es\/index.php\/resolucion-de-litigios\/","og_locale":"es_ES","og_type":"article","og_title":"Resoluci\u00f3n de Litigios - Navia Digital","og_description":"Informaci\u00f3n extra\u00edda de la p\u00e1gina web del \u00abLivro de Reclama\u00e7\u00f5es\u00bb sobre los centros de arbitraje para la resoluci\u00f3n alternativa de conflictos. Puede consultar la fuente de la informaci\u00f3n en la p\u00e1gina oficial del Livro de Reclama\u00e7\u00f5es. \u00bfTiene un litigio en materia de consumo?\u00bfSab\u00eda que existen organizaciones para resolver su conflicto a trav\u00e9s de la mediaci\u00f3n, [&hellip;]","og_url":"https:\/\/naviadigital.es\/index.php\/resolucion-de-litigios\/","og_site_name":"Navia Digital","article_modified_time":"2025-08-05T11:52:28+00:00","twitter_card":"summary_large_image","twitter_misc":{"Tiempo de lectura":"2 minutos"},"schema":{"@context":"https:\/\/schema.org","@graph":[{"@type":"WebPage","@id":"https:\/\/naviadigital.es\/index.php\/resolucion-de-litigios\/","url":"https:\/\/naviadigital.es\/index.php\/resolucion-de-litigios\/","name":"Resoluci\u00f3n de Litigios - Navia Digital","isPartOf":{"@id":"https:\/\/naviadigital.es\/#website"},"datePublished":"2025-08-05T11:46:41+00:00","dateModified":"2025-08-05T11:52:28+00:00","breadcrumb":{"@id":"https:\/\/naviadigital.es\/index.php\/resolucion-de-litigios\/#breadcrumb"},"inLanguage":"es","potentialAction":[{"@type":"ReadAction","target":["https:\/\/naviadigital.es\/index.php\/resolucion-de-litigios\/"]}]},{"@type":"BreadcrumbList","@id":"https:\/\/naviadigital.es\/index.php\/resolucion-de-litigios\/#breadcrumb","itemListElement":[{"@type":"ListItem","position":1,"name":"Portada","item":"https:\/\/naviadigital.es\/"},{"@type":"ListItem","position":2,"name":"Resoluci\u00f3n de Litigios"}]},{"@type":"WebSite","@id":"https:\/\/naviadigital.es\/#website","url":"https:\/\/naviadigital.es\/","name":"Navia Digital","description":"Agencia de Marketing y Dise\u00f1o Web en Andaluc\u00eda","publisher":{"@id":"https:\/\/naviadigital.es\/#organization"},"potentialAction":[{"@type":"SearchAction","target":{"@type":"EntryPoint","urlTemplate":"https:\/\/naviadigital.es\/?s={search_term_string}"},"query-input":{"@type":"PropertyValueSpecification","valueRequired":true,"valueName":"search_term_string"}}],"inLanguage":"es"},{"@type":"Organization","@id":"https:\/\/naviadigital.es\/#organization","name":"Navia Digital","url":"https:\/\/naviadigital.es\/","logo":{"@type":"ImageObject","inLanguage":"es","@id":"https:\/\/naviadigital.es\/#\/schema\/logo\/image\/","url":"https:\/\/naviadigital.es\/wp-content\/uploads\/2025\/07\/logo-navia-pc.png","contentUrl":"https:\/\/naviadigital.es\/wp-content\/uploads\/2025\/07\/logo-navia-pc.png","width":269,"height":147,"caption":"Navia Digital"},"image":{"@id":"https:\/\/naviadigital.es\/#\/schema\/logo\/image\/"}}]}},"_links":{"self":[{"href":"https:\/\/naviadigital.es\/index.php\/wp-json\/wp\/v2\/pages\/206","targetHints":{"allow":["GET"]}}],"collection":[{"href":"https:\/\/naviadigital.es\/index.php\/wp-json\/wp\/v2\/pages"}],"about":[{"href":"https:\/\/naviadigital.es\/index.php\/wp-json\/wp\/v2\/types\/page"}],"author":[{"embeddable":true,"href":"https:\/\/naviadigital.es\/index.php\/wp-json\/wp\/v2\/users\/2"}],"replies":[{"embeddable":true,"href":"https:\/\/naviadigital.es\/index.php\/wp-json\/wp\/v2\/comments?post=206"}],"version-history":[{"count":4,"href":"https:\/\/naviadigital.es\/index.php\/wp-json\/wp\/v2\/pages\/206\/revisions"}],"predecessor-version":[{"id":213,"href":"https:\/\/naviadigital.es\/index.php\/wp-json\/wp\/v2\/pages\/206\/revisions\/213"}],"wp:attachment":[{"href":"https:\/\/naviadigital.es\/index.php\/wp-json\/wp\/v2\/media?parent=206"}],"curies":[{"name":"wp","href":"https:\/\/api.w.org\/{rel}","templated":true}]}}